{"id":87,"date":"2025-04-24T10:29:57","date_gmt":"2025-04-24T07:29:57","guid":{"rendered":"https:\/\/nestpentrutineret.com\/?page_id=87"},"modified":"2025-04-24T10:29:57","modified_gmt":"2025-04-24T07:29:57","slug":"grup-tinta-indicatori","status":"publish","type":"page","link":"https:\/\/nestpentrutineret.com\/?page_id=87","title":{"rendered":"Grup \u021bint\u0103 \/ indicatori"},"content":{"rendered":"<section class=\"l-section wpb_row height_medium with_shape\"><div class=\"l-section-shape type_zigzag pos_top\" style=\"height:50vmin;color:rgba(254,207,0,0.32)\"><svg xmlns=\"http:\/\/www.w3.org\/2000\/svg\" viewBox=\"0 0 64 8\" preserveAspectRatio=\"none\" width=\"100%\" height=\"100%\">\r\n\t<path fill=\"currentColor\" d=\"M64 8 L0 8 L0 0 L20 7.9 L40 3 L48 5 L64 0 Z\"\/>\r\n<\/svg><\/div><div class=\"l-section-h i-cf\"><div class=\"g-cols vc_row via_grid cols_1 laptops-cols_inherit tablets-cols_inherit mobiles-cols_1 valign_middle type_default stacking_default\"><div class=\"wpb_column vc_column_container\"><div class=\"vc_column-inner\"><div class=\"wpb_text_column us_custom_3fd77211\"><div class=\"wpb_wrapper\"><p>Proiectul prevede pentru grupul tinta un numar de 1582 persoane din Regiunea de Sud-Est, se preconizeaz\u0103 ca distribu\u021bia GT va fi cu prec\u0103dere \u00een jude\u021bul Vrancea, iar GT va proveni atat din mediul urban, cat si rural. Grupul \u021bint\u0103 va cuprinde persoane cu v\u00e2rsta cuprins\u0103 \u00eentre 14 \u0219i 30 ani.<\/p>\n<p>&nbsp;<\/p>\n<table width=\"100%\">\n<tbody>\n<tr>\n<td colspan=\"3\" width=\"567\"><strong>Indicatori prestabili\u0163i de realizare<\/strong><\/td>\n<\/tr>\n<tr>\n<td width=\"123\">Indicator<\/td>\n<td width=\"321\">Categorie<\/td>\n<td width=\"123\">Nr.persoane<\/td>\n<\/tr>\n<tr>\n<td width=\"123\">5ESO05<\/td>\n<td width=\"321\">Copii si tineri roma\u00a0 (numar persoane)<\/td>\n<td width=\"123\">238<\/td>\n<\/tr>\n<tr>\n<td width=\"123\">EECO06+07<\/td>\n<td width=\"321\">Copii si tineri<\/td>\n<td width=\"123\">1582<\/td>\n<\/tr>\n<\/tbody>\n<\/table>\n<p>&nbsp;<\/p>\n<table width=\"100%\">\n<tbody>\n<tr>\n<td colspan=\"3\" width=\"567\"><strong>Indicatori prestabili\u0163i de rezultat<\/strong><\/td>\n<\/tr>\n<tr>\n<td width=\"123\">Indicator<\/td>\n<td width=\"293\">Categorie<\/td>\n<td width=\"151\">Nr.persoane<\/td>\n<\/tr>\n<tr>\n<td width=\"123\">EECR01.01<\/td>\n<td width=\"293\">Participan\u021bi roma afla\u021bi \u00een c\u0103utarea<\/p>\n<p>unui loc de munc\u0103 la \u00eencetarea calit\u0103\u021bii de participant(numar persoane)<\/td>\n<td width=\"151\">167<\/td>\n<\/tr>\n<tr>\n<td width=\"123\">EECR01<\/td>\n<td width=\"293\">Participan\u021bi afla\u021bi \u00een c\u0103utarea unui loc de<\/p>\n<p>munc\u0103 la \u00eencetarea calit\u0103\u021bii de participant(numar persoane)<\/td>\n<td width=\"151\">1108<\/td>\n<\/tr>\n<\/tbody>\n<\/table>\n<\/div><\/div><\/div><\/div><\/div><\/div><\/section>\n","protected":false},"excerpt":{"rendered":"Proiectul prevede pentru grupul tinta un numar de 1582 persoane din Regiunea de Sud-Est, se preconizeaz\u0103 ca distribu\u021bia GT va fi cu prec\u0103dere \u00een jude\u021bul Vrancea, iar GT va proveni atat din mediul urban, cat si rural. Grupul \u021bint\u0103 va cuprinde persoane cu v\u00e2rsta cuprins\u0103 \u00eentre 14 \u0219i 30 ani. &nbsp; Indicatori prestabili\u0163i de realizare...","protected":false},"author":1,"featured_media":0,"parent":0,"menu_order":0,"comment_status":"closed","ping_status":"closed","template":"","meta":{"footnotes":""},"class_list":["post-87","page","type-page","status-publish","hentry"],"_links":{"self":[{"href":"https:\/\/nestpentrutineret.com\/index.php?rest_route=\/wp\/v2\/pages\/87","targetHints":{"allow":["GET"]}}],"collection":[{"href":"https:\/\/nestpentrutineret.com\/index.php?rest_route=\/wp\/v2\/pages"}],"about":[{"href":"https:\/\/nestpentrutineret.com\/index.php?rest_route=\/wp\/v2\/types\/page"}],"author":[{"embeddable":true,"href":"https:\/\/nestpentrutineret.com\/index.php?rest_route=\/wp\/v2\/users\/1"}],"replies":[{"embeddable":true,"href":"https:\/\/nestpentrutineret.com\/index.php?rest_route=%2Fwp%2Fv2%2Fcomments&post=87"}],"version-history":[{"count":1,"href":"https:\/\/nestpentrutineret.com\/index.php?rest_route=\/wp\/v2\/pages\/87\/revisions"}],"predecessor-version":[{"id":89,"href":"https:\/\/nestpentrutineret.com\/index.php?rest_route=\/wp\/v2\/pages\/87\/revisions\/89"}],"wp:attachment":[{"href":"https:\/\/nestpentrutineret.com\/index.php?rest_route=%2Fwp%2Fv2%2Fmedia&parent=87"}],"curies":[{"name":"wp","href":"https:\/\/api.w.org\/{rel}","templated":true}]}}