{"id":84,"date":"2025-04-24T10:24:37","date_gmt":"2025-04-24T07:24:37","guid":{"rendered":"https:\/\/nestpentrutineret.com\/?page_id=84"},"modified":"2025-04-24T10:24:37","modified_gmt":"2025-04-24T07:24:37","slug":"obiective-rezultate","status":"publish","type":"page","link":"https:\/\/nestpentrutineret.com\/?page_id=84","title":{"rendered":"Obiective \/ Rezultate"},"content":{"rendered":"<section class=\"l-section wpb_row height_medium with_shape\"><div class=\"l-section-shape type_zigzag pos_top\" style=\"height:50vmin;color:rgba(254,207,0,0.32)\"><svg xmlns=\"http:\/\/www.w3.org\/2000\/svg\" viewBox=\"0 0 64 8\" preserveAspectRatio=\"none\" width=\"100%\" height=\"100%\">\r\n\t<path fill=\"currentColor\" d=\"M64 8 L0 8 L0 0 L20 7.9 L40 3 L48 5 L64 0 Z\"\/>\r\n<\/svg><\/div><div class=\"l-section-h i-cf\"><div class=\"g-cols vc_row via_grid cols_1 laptops-cols_inherit tablets-cols_inherit mobiles-cols_1 valign_middle type_default stacking_default\"><div class=\"wpb_column vc_column_container\"><div class=\"vc_column-inner\"><div class=\"wpb_text_column us_custom_3fd77211\"><div class=\"wpb_wrapper\"><p><strong>Obiectivul general al proiectului<\/strong> reprezint\u0103 \u00eembun\u0103t\u0103\u021birea accesului la pia\u021ba muncii \u0219i m\u0103suri de activare pentru toate persoanele aflate \u00een c\u0103utarea unui loc de munc\u0103, \u00een specialpentru tineri, \u00eendeosebi prin implementarea Garan\u021bei pentru tineret, pentru \u0219omerii de lung\u0103 durat\u0103 \u0219i grupurile defavorizate de pe pia\u021ba muncii \u0219i pentru persoanele inactive, precum \u0219i prin promovarea desf\u0103\u0219ur\u0103rii de activit\u0103\u021bi independente \u0219i a economiei sociale (FSE+) pentru 1582 persoane Tineri sub 30 ani din Regiunea de Sud-Est a Romaniei.<\/p>\n<p><strong>Obiectivele specifice<\/strong> ale proiectului :<\/p>\n<p>1. Constituirea unei re\u021bele pentru tineret care s\u0103 furnizeze servicii personalizate \u0219i de calitate tinerilor cu prec\u0103dere din categoria NEETs, \u00een scopul<br \/>\nidentific\u0103rii a 1582 de persoane apar\u021bin\u00e2nd categoriei Tineri sub 30 de ani ca baz\u0103 pentru activarea \u0219i \u00eenregistrarea acestora la SPO.<br \/>\n2.Identificarea a cel pu\u021bin 1582 de persoane apar\u021bin\u00e2nd categoriei Tineri sub 30 de ani in vederea \u00eenregistr\u0103rii si profil\u0103rii acestora la SPO.<br \/>\n3.Dezvoltarea si implementarea unui sistem de management si control performant al proiectului prin monitorizarea continua a rezultatelor obtinute, \u00eenvederea maximizarii impactului proiectului asupra grupului \u0163int\u0103 vizat precum si asigurarea vizibilitatii finantatorului si a activitatilor proiectului, cu ajutorul unor instrumenteinovatoare de informare si publicitate, obiectiv aferent activitatii 3 a proiectului ce va avea ca rezultat 1582 persoane sprijinite .<br \/>\n4. Asigurarea unei organizari temeinice privind decontarea cheltuielilor indirecte pe baza de rata forfetara, pe intreaga perioada de implementare a proiectului.<\/p>\n<p><strong>Rezultate<\/strong> previzionate:<\/p>\n<p>\u2022 \u00cencheierea de minim 6 parteneriate \u00eentre Serviciul Public de Ocupare \u0219i furnizorii de servicii de tineret publici sau privati care s\u0103 faciliteze furnizarea serviciilor pentru tineri<br \/>\n\u2022 Dezvoltarea de metodologii complete precum metodologie de consiliere si orientare, metodologie de mediere, plan de comunicare, metodologie de organizare a cursurilor nonformale si metodologie de evaluare initiala, metodologie de selectie si inregistrare grup tinta, metodologie de organizare ateliere de lucru elaborate<br \/>\n\u2022 42 participanti la cursuri, 3 sesiuni de instruire Curs Lucrator de tineret<br \/>\n\u2022 15 workshop-uri organizate cu privire la prevenirea consumului de alcool si droguri<br \/>\n\u2022 15 campanii de informare si constientizare cu privire la prevenirea consumului de alcool si droguri<br \/>\n\u2022 1582 Copii si tineri identificati si inregistrati in grupul tinta<br \/>\n\u2022 1582 planuri personalizate de formare, 1582 de orientari c\u0103tre cursuri, 1108 dosare de profilare, 1582 sedinte de consiliere si 1582 sedinte de mediere<br \/>\n\u2022 1540 participanti la cursuri, 110 sesiuni de instruire realizate astfel:<br \/>\n\u2022 Curs COMPETENTE DIGITALE DE UTILIZARE A TEHNOLOGIEI INFORMATIEI CA INSTRUMENT DE INVATARE SI CUNOASTERE 20 sesiuni<br \/>\n\u2022 Curs MANAGEMENTUL CARIEREI 20 sesiuni<br \/>\n\u2022 Curs MUNCA IN ECHIPA 20 sesiuni<br \/>\n\u2022 Curs EDUCATIE ECOLOGICA 30 sesiuni<br \/>\n\u2022 Curs MARKETING DIGITAL \u0218I ECONOMIE VERDE 20 sesiuni<br \/>\n\u2022 6 ateliere de lucru cu urmatoarele teme: Pictur\u0103 \u015fi desen, desen tehnic, grafic\u0103, Public speaking, Cursuri de fotografie, Voluntariat, Activitati sportive, Dezvoltarea abilit\u0103\u021bilor antreprenoriale<br \/>\n\u2022 Organizarea a 2 conferin\u021be de informare \u0219i diseminare a rezultatelor proiectului, \u00eenso\u021bit\u0103 de elaborarea unui manual de bune practici \u0219i a unei metodologii specifice proiectului.<\/p>\n<\/div><\/div><\/div><\/div><\/div><\/div><\/section>\n","protected":false},"excerpt":{"rendered":"Obiectivul general al proiectului reprezint\u0103 \u00eembun\u0103t\u0103\u021birea accesului la pia\u021ba muncii \u0219i m\u0103suri de activare pentru toate persoanele aflate \u00een c\u0103utarea unui loc de munc\u0103, \u00een specialpentru tineri, \u00eendeosebi prin implementarea Garan\u021bei pentru tineret, pentru \u0219omerii de lung\u0103 durat\u0103 \u0219i grupurile defavorizate de pe pia\u021ba muncii \u0219i pentru persoanele inactive, precum \u0219i prin promovarea desf\u0103\u0219ur\u0103rii de...","protected":false},"author":1,"featured_media":0,"parent":0,"menu_order":0,"comment_status":"closed","ping_status":"closed","template":"","meta":{"footnotes":""},"class_list":["post-84","page","type-page","status-publish","hentry"],"_links":{"self":[{"href":"https:\/\/nestpentrutineret.com\/index.php?rest_route=\/wp\/v2\/pages\/84","targetHints":{"allow":["GET"]}}],"collection":[{"href":"https:\/\/nestpentrutineret.com\/index.php?rest_route=\/wp\/v2\/pages"}],"about":[{"href":"https:\/\/nestpentrutineret.com\/index.php?rest_route=\/wp\/v2\/types\/page"}],"author":[{"embeddable":true,"href":"https:\/\/nestpentrutineret.com\/index.php?rest_route=\/wp\/v2\/users\/1"}],"replies":[{"embeddable":true,"href":"https:\/\/nestpentrutineret.com\/index.php?rest_route=%2Fwp%2Fv2%2Fcomments&post=84"}],"version-history":[{"count":1,"href":"https:\/\/nestpentrutineret.com\/index.php?rest_route=\/wp\/v2\/pages\/84\/revisions"}],"predecessor-version":[{"id":86,"href":"https:\/\/nestpentrutineret.com\/index.php?rest_route=\/wp\/v2\/pages\/84\/revisions\/86"}],"wp:attachment":[{"href":"https:\/\/nestpentrutineret.com\/index.php?rest_route=%2Fwp%2Fv2%2Fmedia&parent=84"}],"curies":[{"name":"wp","href":"https:\/\/api.w.org\/{rel}","templated":true}]}}