{"id":81,"date":"2025-04-24T10:19:31","date_gmt":"2025-04-24T07:19:31","guid":{"rendered":"https:\/\/nestpentrutineret.com\/?page_id=81"},"modified":"2025-04-24T10:19:31","modified_gmt":"2025-04-24T07:19:31","slug":"activitati","status":"publish","type":"page","link":"https:\/\/nestpentrutineret.com\/?page_id=81","title":{"rendered":"Activit\u0103\u021bi"},"content":{"rendered":"<section class=\"l-section wpb_row height_medium with_shape\"><div class=\"l-section-shape type_zigzag pos_top\" style=\"height:50vmin;color:rgba(254,207,0,0.32)\"><svg xmlns=\"http:\/\/www.w3.org\/2000\/svg\" viewBox=\"0 0 64 8\" preserveAspectRatio=\"none\" width=\"100%\" height=\"100%\">\r\n\t<path fill=\"currentColor\" d=\"M64 8 L0 8 L0 0 L20 7.9 L40 3 L48 5 L64 0 Z\"\/>\r\n<\/svg><\/div><div class=\"l-section-h i-cf\"><div class=\"g-cols vc_row via_grid cols_1 laptops-cols_inherit tablets-cols_inherit mobiles-cols_1 valign_middle type_default stacking_default\"><div class=\"wpb_column vc_column_container\"><div class=\"vc_column-inner\"><div class=\"wpb_text_column us_custom_3fd77211\"><div class=\"wpb_wrapper\"><p><strong>Activitatea 1<\/strong> \u2013 Dezvoltarea unei re\u021bele pentru tineret care s\u0103 furnizeze servicii personalizate \u0219i de calitate tinerilor cu prec\u0103dere din categoria NEETs<\/p>\n<p>Subactivitatea 1.1 &#8211; \u00cencheierea de parteneriate \u00eentre Serviciul Public de Ocupare \u0219i furnizorii de servicii de tineret &#8211; Activitatea vizeaz\u0103 \u00eencheierea a cel pu\u021bin 6 parteneriate \u00eentre Serviciul Public de Ocupare \u0219i furnizorii de servicii pentru tineret, prin coordonarea \u00eent\u00e2lnirilor, constituirea echipelor mixte de speciali\u0219ti \u0219i asigurarea resurselor necesare, contribuind astfel la dezvoltarea unei re\u021bele de sprijin pentru tinerii NEETs \u0219i promovarea principiilor egalit\u0103\u021bii de \u0219anse, nediscrimin\u0103rii \u0219i dezvolt\u0103rii durabile..<\/p>\n<p>Subactivitatea 1.2 Activitati de informare, consiliere, profilare, management de caz \u0219i orientare \u00een carier\u0103 pentru furnizorii de servicii de tineret &#8211; Activitatea vizeaz\u0103 coordonarea echipelor mixte de speciali\u0219ti, elaborarea metodologiilor de consiliere \u0219i orientare \u00een carier\u0103, desf\u0103\u0219urarea campaniilor de informare \u0219i crearea unui plan de comunicare pentru sprijinirea tinerilor NEETs, contribuind la dezvoltarea unei re\u021bele de servicii personalizate \u0219i la promovarea principiilor egalit\u0103\u021bii de \u0219anse \u0219i nediscrimin\u0103rii.<\/p>\n<p>Subactivitatea 1.3 &#8211; Activitati de dezvoltarea de competente transversale, sociale, civice, instruire pentru utilizarea tehnologiei moderne pentru furnizorii de servicii de tineret- Activitatea vizeaz\u0103 dezvoltarea competen\u021belor transversale, sociale, civice \u0219i digitale ale furnizorilor de servicii pentru tineret prin coordonarea echipelor mixte, actualizarea metodologiilor de formare \u0219i evaluare, precum \u0219i organizarea unor cursuri adaptate nevoilor acestora, contribuind la crearea unei re\u021bele de sprijin pentru tinerii NEETs \u0219i promovarea principiilor egalit\u0103\u021bii de \u0219anse \u0219i nediscrimin\u0103rii.<\/p>\n<p>Subactivitatea 1.4 &#8211; Activitati de formare a lucr\u0103torilor de tineret pentru furnizorii de servicii de tineret &#8211; Activitatea vizeaz\u0103 formarea a 42 de lucr\u0103tori de tineret prin trei sesiuni de instruire, combin\u00e2nd teoria \u0219i practica pentru a le dezvolta abilit\u0103\u021bile de sprijin \u0219i integrare social\u0103 a tinerilor NEETs, contribuind astfel la crearea unei re\u021bele de servicii personalizate \u0219i la promovarea egalit\u0103\u021bii de \u0219anse, nediscrimin\u0103rii \u0219i sustenabilit\u0103\u021bii.<\/p>\n<p>Subactivitatea 1.5 Activitati de informare si campanii cu privire la prevenirea consumului de alcool si droguri &#8211; Activitatea const\u0103 \u00een organizarea a 15 campanii de informare \u0219i 15 workshop-uri privind prevenirea consumului de alcool \u0219i droguri, av\u00e2nd ca obiectiv sensibilizarea tinerilor \u0219i dezvoltarea abilit\u0103\u021bilor acestora de luare a deciziilor \u0219i gestionare a presiunii sociale, contribuind astfel la crearea unei re\u021bele de sprijin pentru tinerii NEETs \u0219i promovarea principiilor egalit\u0103\u021bii de \u0219anse, nediscrimin\u0103rii \u0219i accesibilit\u0103\u021bii.<\/p>\n<p><strong>Activitatea 2<\/strong> \u2013 Furnizarea de servicii pentru tineri<\/p>\n<p>Subactivitatea 2.1 &#8211; Activit\u0103\u021bi\/servicii de identificare a tinerilor \u00een vederea activ\u0103rii lor \u0219i\u00eenregistr\u0103rii la ANOFM- Activitatea vizeaz\u0103 identificarea, activarea \u0219i \u00eenregistrarea a 1582 de tineri la Serviciul Public de Ocupare, prin sesiuni de recrutare, consiliere \u0219i facilitare a accesului la oportunit\u0103\u021bi educa\u021bionale \u0219i profesionale, asigur\u00e2nd astfel sprijin personalizat pentru integrarea acestora pe pia\u021ba muncii \u0219i promovarea principiilor egalit\u0103\u021bii de \u0219anse, nediscrimin\u0103rii \u0219i dezvolt\u0103rii durabile.<\/p>\n<p>Subactivitatea 2.2 &#8211; Furnizarea de servicii personalizate de informare, consiliere, management de caz \u0219i orientare \u00een carier\u0103 pentru grupul \u0163int\u0103- Activitatea vizeaz\u0103 dezvoltarea \u0219i implementarea unui plan de ac\u021biune personalizat pentru 1582 de tineri, incluz\u00e2nd sesiuni de informare, consiliere, orientare \u00een carier\u0103 \u0219i mediere, pentru a facilita integrarea acestora pe pia\u021ba muncii, cre\u0219terea \u00eencrederii \u00een sine \u0219i accesul la oportunit\u0103\u021bi educa\u021bionale \u0219i profesionale.<\/p>\n<p>Subactivitatea 2.3 Activit\u0103\u021bi pentru dezvoltarea de competen\u021be transversale \u0219i de implicare proactiv\u0103 a grupului tinta &#8211; Activitatea vizeaz\u0103 organizarea \u0219i desf\u0103\u0219urarea cursurilor de formare pentru 1540 de tineri \u00een domenii precum competen\u021be digitale, marketing digital, managementul carierei, munca \u00een echip\u0103 \u0219i educa\u021bie ecologic\u0103, contribuind la dezvoltarea competen\u021belor necesare pentru integrarea pe pia\u021ba muncii, economia verde \u0219i utilizarea tehnologiilor moderne, \u00een conformitate cu principiile egalit\u0103\u021bii de \u0219anse \u0219i nediscrimin\u0103rii.<\/p>\n<p>Subactivitatea 2.4 Activit\u0103\u021bi cultural educative pentru grupul tinta \u2013 Activitatea const\u0103 \u00een organizarea a 6 ateliere tematice pentru 60 de tineri, abord\u00e2nd teme precum pictur\u0103, public speaking, fotografie, voluntariat, sport \u0219i antreprenoriat, av\u00e2nd ca obiectiv dezvoltarea personal\u0103 \u0219i profesional\u0103 a participan\u021bilor, cre\u0219terea \u00eencrederii \u00een sine \u0219i facilitarea integr\u0103rii lor pe pia\u021ba muncii, \u00een conformitate cu principiile egalit\u0103\u021bii de \u0219anse \u0219i nediscrimin\u0103rii.<\/p>\n<p>Subactivitatea 2.5 Organizarea conferintelor de diseminare a rezultatelor &#8211; Activitatea const\u0103 \u00een organizarea a dou\u0103 conferin\u021be de informare \u0219i diseminare a rezultatelor proiectului, elaborarea unui manual de bune practici \u0219i a unei metodologii, utiliz\u00e2nd diverse canale de comunicare pentru a asigura vizibilitatea \u0219i sustenabilitatea rezultatelor, contribuind astfel la promovarea egalit\u0103\u021bii de \u0219anse, nediscrimin\u0103rii \u0219i accesibilit\u0103\u021bii.<\/p>\n<p><strong>Activitatea 3<\/strong> \u2013 Managementul proiectului<\/p>\n<p><strong>Activitatea 4<\/strong> &#8211; Publicitatea proiectului si cheltuielile indirecte<\/p>\n<\/div><\/div><\/div><\/div><\/div><\/div><\/section>\n","protected":false},"excerpt":{"rendered":"Activitatea 1 \u2013 Dezvoltarea unei re\u021bele pentru tineret care s\u0103 furnizeze servicii personalizate \u0219i de calitate tinerilor cu prec\u0103dere din categoria NEETs Subactivitatea 1.1 &#8211; \u00cencheierea de parteneriate \u00eentre Serviciul Public de Ocupare \u0219i furnizorii de servicii de tineret &#8211; Activitatea vizeaz\u0103 \u00eencheierea a cel pu\u021bin 6 parteneriate \u00eentre Serviciul Public de Ocupare \u0219i furnizorii...","protected":false},"author":1,"featured_media":0,"parent":0,"menu_order":0,"comment_status":"closed","ping_status":"closed","template":"","meta":{"footnotes":""},"class_list":["post-81","page","type-page","status-publish","hentry"],"_links":{"self":[{"href":"https:\/\/nestpentrutineret.com\/index.php?rest_route=\/wp\/v2\/pages\/81","targetHints":{"allow":["GET"]}}],"collection":[{"href":"https:\/\/nestpentrutineret.com\/index.php?rest_route=\/wp\/v2\/pages"}],"about":[{"href":"https:\/\/nestpentrutineret.com\/index.php?rest_route=\/wp\/v2\/types\/page"}],"author":[{"embeddable":true,"href":"https:\/\/nestpentrutineret.com\/index.php?rest_route=\/wp\/v2\/users\/1"}],"replies":[{"embeddable":true,"href":"https:\/\/nestpentrutineret.com\/index.php?rest_route=%2Fwp%2Fv2%2Fcomments&post=81"}],"version-history":[{"count":1,"href":"https:\/\/nestpentrutineret.com\/index.php?rest_route=\/wp\/v2\/pages\/81\/revisions"}],"predecessor-version":[{"id":83,"href":"https:\/\/nestpentrutineret.com\/index.php?rest_route=\/wp\/v2\/pages\/81\/revisions\/83"}],"wp:attachment":[{"href":"https:\/\/nestpentrutineret.com\/index.php?rest_route=%2Fwp%2Fv2%2Fmedia&parent=81"}],"curies":[{"name":"wp","href":"https:\/\/api.w.org\/{rel}","templated":true}]}}