{"id":74,"date":"2025-04-24T10:06:38","date_gmt":"2025-04-24T07:06:38","guid":{"rendered":"https:\/\/nestpentrutineret.com\/?page_id=74"},"modified":"2025-04-24T10:13:38","modified_gmt":"2025-04-24T07:13:38","slug":"parteneriat","status":"publish","type":"page","link":"https:\/\/nestpentrutineret.com\/?page_id=74","title":{"rendered":"Parteneriat"},"content":{"rendered":"<section class=\"l-section wpb_row height_medium with_shape\"><div class=\"l-section-shape type_zigzag pos_top\" style=\"height:50vmin;color:rgba(254,207,0,0.32)\"><svg xmlns=\"http:\/\/www.w3.org\/2000\/svg\" viewBox=\"0 0 64 8\" preserveAspectRatio=\"none\" width=\"100%\" height=\"100%\">\r\n\t<path fill=\"currentColor\" d=\"M64 8 L0 8 L0 0 L20 7.9 L40 3 L48 5 L64 0 Z\"\/>\r\n<\/svg><\/div><div class=\"l-section-h i-cf\"><div class=\"g-cols vc_row via_grid cols_1 laptops-cols_inherit tablets-cols_inherit mobiles-cols_1 valign_middle type_default stacking_default\"><div class=\"wpb_column vc_column_container\"><div class=\"vc_column-inner\"><div class=\"wpb_text_column us_custom_3fd77211\"><div class=\"wpb_wrapper\"><p><span style=\"line-height: 47px; font-size: 35px; padding-top: 25px;\">Solicitant: Agen\u021bia Jude\u021beana Pentru Ocuparea For\u021bei De Munc\u0103 Vrancea<\/span><\/p>\n<p>Agentia Judeana Pentru Ocuparea Fortei De Munca Vrancea, \u00eenfiin\u021bat\u0103 conform Legii nr. 145 \/1998, desf\u0103\u0219oar\u0103 activit\u0103\u021bi de informare, consiliere \u0219i mediere pentru integrarea pe pia\u021ba muncii, adres\u00e2ndu-se persoanelor \u00een c\u0103utarea unui loc de munc\u0103 \u0219i angajatorilor.Conform legisla\u021biei (Legea nr. 202\/2006 \u0219i Legea nr. 76\/2002), agen\u021bia sprijin\u0103 accesul pe pia\u021ba muncii din Uniunea European\u0103 \u0219i alte state partenere \u0219i este abilitat\u0103 s\u0103 acrediteze al\u021bi furnizori de servicii de ocupare, conform HG 277\/2002.<\/p>\n<p>Agen\u021bia are o bun\u0103 \u00een\u021belegere a nevoilor categoriilor vulnerabile, iar prin colaborarea cu autorit\u0103\u021bile locale \u0219i institu\u021biile publice, sprijin\u0103 persoanele din grupurile vulnerabile s\u0103 acceseze oportunit\u0103\u021bi de formare, s\u0103 finalizeze cursuri \u0219i s\u0103-\u0219i dezvolte abilit\u0103\u021bi de via\u021b\u0103 independent\u0103. Un exemplu de succes este proiectul \u201eCONECTIC\u201d (2007-2010) care a vizat integrarea persoanelor cu dizabilit\u0103\u021bi vizuale prin formare TIC. Proiectul a oferit consiliere \u0219i formare profesional\u0103 pentru 351 de persoane vulnerabile, utiliz\u00e2nd tehnologii avansate, inclusiv computere cu cititoare de ecran \u0219i sintez\u0103 vocal\u0103.<\/p>\n<p>\u00cen parteneriat cu AJOFM Tulcea, agen\u021bia a implementat \u00eentre 2012 \u0219i 2014 proiectul \u201eFormarea continu\u0103, premisa calit\u0103\u021bii\u201d, centrat pe \u00eembun\u0103t\u0103\u021birea competen\u021belor profesionale \u0219i pe facilitarea accesului grupurilor vulnerabile la formare.AJOFM Vrancea a mai derulat proiecte de sprijin pentru regiunile mai pu\u021bin dezvoltate, precum \u201eM\u0103suri integrate pentru cre\u0219terea gradului de ocupare a \u0219omerilor din regiunile SE, BI, NV\u201d Proiectul \u201eZONA RURAL\u201d (2011-2013) a vizat integrarea pe pia\u021ba muncii a persoanelor din mediul rural prin accesul la activit\u0103\u021bi non-agricole \u0219i a contribuit la reducerea \u0219omajului \u0219i la cre\u0219terea motiva\u021biei de angajare. AJOFM Vrancea a implementat \u0219i proiectul \u201eCompEtent\u201d (2014-2016), axat pe preg\u0103tirea angaja\u021bilor din Serviciul Public de Ocupare pentru \u00eembun\u0103t\u0103\u021birea calit\u0103\u021bii serviciilor furnizate.<\/p>\n<p><span style=\"line-height: 47px; font-size: 35px; padding-top: 25px;\">Partener: Centrul de Consultan\u021b\u0103 \u0219i Studii Europene S.R.L. Gala\u021bi<\/span><\/p>\n<p>Centrul de Consultan\u021b\u0103 \u0219i Studii Europene SRL a luat fiin\u021b\u0103 \u00een 2005, av\u00e2nd ca obiect principal de activitate conform Codului CAEN 8559 \u2013 alte forme de \u00eenv\u0103\u021b\u0103m\u00e2nt. Compania se axeaz\u0103 pe furnizarea de servicii de formare profesional\u0103, completate de servicii de informare \u0219i consiliere, oferind astfel solu\u021bii concrete \u0219i pentru domeniul medierii muncii. De-a lungul timpului, CCSE a fost implicat\u0103 \u00een 52 de proiecte ca partener cu finan\u021bare extern\u0103 \u0219i a implementat 9 proiecte \u00een calitate de solicitant.<\/p>\n<p>Cu o experien\u021b\u0103 de 18 ani \u00een domeniul form\u0103rii profesionale pentru adul\u021bi, CCSE a avut peste 40.000 de absolven\u021bi \u0219i a dezvoltat peste 130 de programe de formare profesional\u0103. Aceast\u0103 bogat\u0103 experien\u021b\u0103 a fost consolidat\u0103 prin participarea la diverse proiecte cu finan\u021bare extern\u0103, at\u00e2t \u00een calitate de solicitant, c\u00e2t \u0219i de partener, \u0219i prin \u00eencheierea a peste 20 de contracte de prest\u0103ri servicii cu institu\u021bii publice \u0219i \u00eentreprinderi private. Astfel, expertiza CCSE \u00een campaniile de con\u0219tientizare, implementarea programelor de formare profesional\u0103 \u0219i furnizarea serviciilor de consiliere \u0219i asisten\u021b\u0103 pentru ini\u021bierea activit\u0103\u021bilor independente, precum \u0219i \u00een facilitarea \u00eenfiin\u021b\u0103rii \u0219i demar\u0103rii \u00eentreprinderilor, este solid fundamentat\u0103 \u00een participarea activ\u0103 la proiecte variate \u0219i colaborarea cu diverse entit\u0103\u021bi publice \u0219i private.<\/p>\n<\/div><\/div><\/div><\/div><\/div><\/div><\/section>\n","protected":false},"excerpt":{"rendered":"Solicitant: Agen\u021bia Jude\u021beana Pentru Ocuparea For\u021bei De Munc\u0103 Vrancea Agentia Judeana Pentru Ocuparea Fortei De Munca Vrancea, \u00eenfiin\u021bat\u0103 conform Legii nr. 145 \/1998, desf\u0103\u0219oar\u0103 activit\u0103\u021bi de informare, consiliere \u0219i mediere pentru integrarea pe pia\u021ba muncii, adres\u00e2ndu-se persoanelor \u00een c\u0103utarea unui loc de munc\u0103 \u0219i angajatorilor.Conform legisla\u021biei (Legea nr. 202\/2006 \u0219i Legea nr. 76\/2002), agen\u021bia sprijin\u0103...","protected":false},"author":1,"featured_media":0,"parent":0,"menu_order":0,"comment_status":"closed","ping_status":"closed","template":"","meta":{"footnotes":""},"class_list":["post-74","page","type-page","status-publish","hentry"],"_links":{"self":[{"href":"https:\/\/nestpentrutineret.com\/index.php?rest_route=\/wp\/v2\/pages\/74","targetHints":{"allow":["GET"]}}],"collection":[{"href":"https:\/\/nestpentrutineret.com\/index.php?rest_route=\/wp\/v2\/pages"}],"about":[{"href":"https:\/\/nestpentrutineret.com\/index.php?rest_route=\/wp\/v2\/types\/page"}],"author":[{"embeddable":true,"href":"https:\/\/nestpentrutineret.com\/index.php?rest_route=\/wp\/v2\/users\/1"}],"replies":[{"embeddable":true,"href":"https:\/\/nestpentrutineret.com\/index.php?rest_route=%2Fwp%2Fv2%2Fcomments&post=74"}],"version-history":[{"count":5,"href":"https:\/\/nestpentrutineret.com\/index.php?rest_route=\/wp\/v2\/pages\/74\/revisions"}],"predecessor-version":[{"id":80,"href":"https:\/\/nestpentrutineret.com\/index.php?rest_route=\/wp\/v2\/pages\/74\/revisions\/80"}],"wp:attachment":[{"href":"https:\/\/nestpentrutineret.com\/index.php?rest_route=%2Fwp%2Fv2%2Fmedia&parent=74"}],"curies":[{"name":"wp","href":"https:\/\/api.w.org\/{rel}","templated":true}]}}